{"id":67,"date":"2024-07-17T11:04:24","date_gmt":"2024-07-17T09:04:24","guid":{"rendered":"https:\/\/eltrasgudefoncebadon.com\/?page_id=67"},"modified":"2026-04-26T23:17:01","modified_gmt":"2026-04-26T21:17:01","slug":"rechtlicher-hinweis","status":"publish","type":"page","link":"https:\/\/eltrasgudefoncebadon.com\/de\/rechtlicher-hinweis\/","title":{"rendered":"Rechtlicher Hinweis"},"content":{"rendered":"\t\t<div data-elementor-type=\"wp-page\" data-elementor-id=\"67\" class=\"elementor elementor-67\" data-elementor-post-type=\"page\">\n\t\t\t\t<div class=\"elementor-element elementor-element-26f6002 e-flex e-con-boxed e-con e-parent\" data-id=\"26f6002\" data-element_type=\"container\" data-e-type=\"container\">\n\t\t\t\t\t<div class=\"e-con-inner\">\n\t\t<div class=\"elementor-element elementor-element-36ce598 e-con-full e-flex e-con e-child\" data-id=\"36ce598\" data-element_type=\"container\" data-e-type=\"container\">\n\t\t\t\t<div class=\"elementor-element elementor-element-f0be4bc elementor-widget elementor-widget-text-editor\" data-id=\"f0be4bc\" data-element_type=\"widget\" data-e-type=\"widget\" data-widget_type=\"text-editor.default\">\n\t\t\t\t\t\t\t\t\t<p><strong>RECHTLICHER HINWEIS UND ALLGEMEINE NUTZUNGSBEDINGUNGEN<\/strong><\/p><p><strong>eltrasgudefoncebadon.com<\/strong><\/p><ol><li><strong>ALLGEMEINE INFORMATIONEN<\/strong><\/li><\/ol><p>In Erf\u00fcllung der Informationspflicht gem\u00e4\u00df dem Gesetz 34\/2002 \u00fcber Dienste der Informationsgesellschaft und den elektronischen Gesch\u00e4ftsverkehr (LSSI-CE) vom 11. Juli werden im Folgenden die allgemeinen Informationen zu dieser Website bereitgestellt:<\/p><p>Inhaber dieser Website, eltrasgudefoncebadon.com (im Folgenden \u201eWebsite\u201c), ist: , mit Steuernummer: , und dessen Kontaktdaten wie folgt lauten:<\/p><p>Inhaber dieser Website, eltrasgudefoncebadon.com (im Folgenden \u201eWebsite\u201c), ist: El Trasgu de Foncebad\u00f3n CB mit der Steuernummer: ESE24650285 und eingetragen im:  mit folgenden Registerdaten:<br \/>, deren Vertreter ist: Jos\u00e9 Luis Valencia Carrasco, und deren Kontaktdaten lauten:<\/p><p>Anschrift: Calle Real 24722 Foncebad\u00f3n, Le\u00f3n<\/p><p>Kontaktnummer: 681102716<\/p><p>Fax:<\/p><p>Kontakt-E-Mail: eltrasgudefoncebadon@gmail.com<\/p><ol><li style=\"list-style-type: none\"><ol><li><strong>ALLGEMEINE NUTZUNGSBEDINGUNGEN<\/strong><\/li><\/ol><\/li><\/ol><p><strong>Gegenstand der Nutzungsbedingungen: Die Website<\/strong><\/p><p>Gegenstand dieser Allgemeinen Nutzungsbedingungen (im Folgenden \u201eBedingungen\u201c) ist die Regelung des Zugriffs auf und der Nutzung der Website. Im Sinne dieser Bedingungen versteht man unter \u201eWebsite\u201c: das \u00e4u\u00dfere Erscheinungsbild der Bildschirmoberfl\u00e4chen, sowohl in statischer als auch in dynamischer Form, d. h. die Navigationsstruktur; sowie alle Elemente, die sowohl in die Bildschirmoberfl\u00e4chen als auch in die Navigationsstruktur integriert sind (im Folgenden \u201eInhalte\u201c), und alle Online-Dienste oder -Ressourcen, die den Nutzern gegebenenfalls angeboten werden (im Folgenden \u201eDienste\u201c).<\/p><p>El Trasgu de Foncebad\u00f3n CB siehe beh\u00e4lt sich das Recht vor, jederzeit und ohne vorherige Ank\u00fcndigung das Erscheinungsbild und die Gestaltung der Website sowie die darin enthaltenen Inhalte und Dienste zu \u00e4ndern. Der Nutzer nimmt zur Kenntnis und erkl\u00e4rt sich damit einverstanden, dass El Trasgu de Foncebad\u00f3n CB jederzeit diese in die Website integrierten Elemente oder den Zugang zu ihnen unterbrechen, deaktivieren und\/oder aufheben kann.<\/p><p>Der Zugriff auf die Website steht dem Nutzer frei und ist in der Regel kostenlos, ohne dass der Nutzer eine Gegenleistung erbringen muss, um diese nutzen zu k\u00f6nnen, mit Ausnahme der Kosten f\u00fcr die Verbindung \u00fcber das Telekommunikationsnetz des vom Nutzer beauftragten Internetanbieters.<\/p><p>Abgesehen von den Kosten f\u00fcr die Verbindung \u00fcber das vom Zugangsanbieter bereitgestellte Telekommunikationsnetz, die der Nutzer vertraglich vereinbart hat, k\u00f6nnen einige der von El Trasgu de Foncebad\u00f3n CB oder gegebenenfalls von Dritten \u00fcber die Website angebotenen Inhalte oder Dienste einer vorherigen Vertragsvereinbarung unterliegen; in diesem Fall werden die entsprechenden Allgemeinen oder Besonderen Gesch\u00e4ftsbedingungen, denen dies unterliegt, klar angegeben und\/oder dem Nutzer zur Verf\u00fcgung gestellt.<\/p><p>Die Nutzung bestimmter Inhalte oder Dienste der Website ist nur nach vorheriger Anmeldung oder Registrierung des Nutzers m\u00f6glich.<\/p><p>F\u00fcr die Nutzung der Inhalte ist kein vorheriges Abonnement oder keine Registrierung erforderlich.<\/p><p><strong>Der Nutzer<\/strong><\/p><p>Der Zugriff, das Surfen und die Nutzung der Website sowie der Bereiche, die f\u00fcr die Interaktion zwischen den Nutzern eingerichtet wurden, sowie zwischen dem Nutzer und El Trasgu de Foncebad\u00f3n CB, wie beispielsweise Kommentare und\/oder Blogging-Bereiche, verleihen den Status eines Nutzers. Daher werden mit Beginn der Navigation auf der Website alle hier festgelegten Bedingungen sowie deren sp\u00e4tere \u00c4nderungen akzeptiert, unbeschadet der Anwendung der jeweils geltenden gesetzlichen Vorschriften, deren Einhaltung verpflichtend ist. Angesichts der Bedeutung des Vorstehenden wird dem Nutzer empfohlen, diese bei jedem Besuch der Website zu lesen.<\/p><p>Die Website von El Trasgu de Foncebad\u00f3n CB bietet eine Vielzahl von Informationen, Dienstleistungen und Daten. Der Nutzer ist f\u00fcr die ordnungsgem\u00e4\u00dfe Nutzung der Website verantwortlich. Diese Verantwortung erstreckt sich auf:<\/p><ul><li>Die Nutzung der von El Trasgu de Foncebad\u00f3n CB bereitgestellten Informationen, Inhalte und\/oder Dienste sowie Daten darf nicht gegen die Bestimmungen dieser Bedingungen, gegen geltendes Recht, gegen die guten Sitten oder die \u00f6ffentliche Ordnung versto\u00dfen oder in irgendeiner anderen Weise die Rechte Dritter oder den ordnungsgem\u00e4\u00dfen Betrieb der Website beeintr\u00e4chtigen.<\/li><li>Die Richtigkeit und Rechtm\u00e4\u00dfigkeit der Angaben, die der Nutzer in den von El Trasgu de Foncebad\u00f3n CB bereitgestellten Formularen macht, um Zugang zu bestimmten Inhalten oder Diensten der Website zu erhalten. In jedem Fall hat der Nutzer El Trasgu de Foncebad\u00f3n CB unverz\u00fcglich \u00fcber jeden Vorfall zu informieren, der einen Missbrauch der in diesen Formularen gespeicherten Daten erm\u00f6glicht, wie beispielsweise, aber nicht ausschlie\u00dflich, Diebstahl, Verlust oder unbefugter Zugriff auf Benutzernamen und\/oder Passw\u00f6rter, damit diese unverz\u00fcglich gesperrt werden k\u00f6nnen.<\/li><\/ul><p>El Trasgu de Foncebad\u00f3n CB beh\u00e4lt sich das Recht vor, alle Kommentare und Beitr\u00e4ge zu entfernen, die gegen das Gesetz versto\u00dfen, die W\u00fcrde des Menschen verletzen, diskriminierend, fremdenfeindlich, rassistisch oder pornografisch sind, Spam darstellen, die Jugend oder Kinder gef\u00e4hrden, die \u00f6ffentliche Ordnung oder Sicherheit beeintr\u00e4chtigen oder die nach eigenem Ermessen f\u00fcr die Ver\u00f6ffentlichung ungeeignet sind.<\/p><p>In jedem Fall haftet El Trasgu de Foncebad\u00f3n CB nicht f\u00fcr die Meinungen, die von den Nutzern in Kommentaren oder \u00fcber andere Blogging- oder Interaktionsfunktionen ge\u00e4u\u00dfert werden.<\/p><p>Der blo\u00dfe Zugriff auf diese Website begr\u00fcndet keinerlei gesch\u00e4ftliche Beziehung zwischen El Trasgu de Foncebad\u00f3n CB und dem Nutzer.<\/p><p>Der Nutzer erkl\u00e4rt, vollj\u00e4hrig zu sein und \u00fcber die erforderliche Rechtsf\u00e4higkeit zu verf\u00fcgen, um sich an diese Bedingungen zu binden. Daher richtet sich diese Website von El Trasgu de Foncebad\u00f3n CB nicht an Minderj\u00e4hrige. El Trasgu de Foncebad\u00f3n CB lehnt jegliche Haftung f\u00fcr die Nichteinhaltung dieser Voraussetzung ab.<\/p><p>Unter Einhaltung der geltenden Rechtsvorschriften richtet sich diese Website von El Trasgu de Foncebad\u00f3n CB an alle Personen, unabh\u00e4ngig von ihrem Alter, die auf die Seiten der Website zugreifen und\/oder diese durchsuchen k\u00f6nnen.<\/p><p>Die Website richtet sich in erster Linie an Nutzer mit Wohnsitz in El Trasgu de Foncebad\u00f3n CB. El Trasgu de Foncebad\u00f3n CB \u00fcbernimmt keine Gew\u00e4hr daf\u00fcr, dass die Website den Rechtsvorschriften anderer L\u00e4nder ganz oder teilweise entspricht. Wenn der Nutzer seinen Wohnsitz oder seinen Sitz an einem anderen Ort hat und beschlie\u00dft, auf die Website zuzugreifen und\/oder auf ihr zu navigieren, geschieht dies auf eigene Verantwortung. Er muss sicherstellen, dass dieser Zugriff und diese Navigation den f\u00fcr ihn geltenden lokalen Rechtsvorschriften entsprechen, wobei El Trasgu de Foncebad\u00f3n CB keinerlei Haftung \u00fcbernimmt, die sich aus diesem Zugriff ergeben k\u00f6nnte.<\/p><p><strong>III. ZUGRIFF AUF UND NAVIGATION AUF DER WEBSITE: HAFTUNGSAUSSCHLUSS UND HAFTUNGSBESCHR\u00c4NKUNG<\/strong><\/p><p>El Trasgu de Foncebad\u00f3n CB \u00fcbernimmt keine Gew\u00e4hr f\u00fcr die Kontinuit\u00e4t, Verf\u00fcgbarkeit und Nutzbarkeit der Website sowie der Inhalte oder Dienste. El Trasgu de Foncebad\u00f3n CB wird alles tun, um den reibungslosen Betrieb der Website zu gew\u00e4hrleisten, \u00fcbernimmt jedoch keine Haftung und gibt keine Garantie daf\u00fcr, dass der Zugriff auf diese Website ununterbrochen oder fehlerfrei erfolgt.<\/p><p>Ebenso wenig \u00fcbernimmt El Trasgu de Foncebad\u00f3n CB die Verantwortung oder Gew\u00e4hrleistung daf\u00fcr, dass die Inhalte oder die Software, auf die \u00fcber diese Website zugegriffen werden kann, fehlerfrei sind oder keine Sch\u00e4den am Computersystem (Software und Hardware) des Nutzers verursachen. In keinem Fall haftet El Trasgu de Foncebad\u00f3n CB f\u00fcr Verluste, Sch\u00e4den oder Nachteile jeglicher Art, die durch den Zugriff, das Surfen und die Nutzung der Website entstehen, einschlie\u00dflich, aber nicht beschr\u00e4nkt auf Sch\u00e4den an Computersystemen oder solche, die durch das Einschleusen von Viren verursacht werden.<\/p><p>El Trasgu de Foncebad\u00f3n CB haftet ebenfalls nicht f\u00fcr Sch\u00e4den, die den Nutzern durch eine unsachgem\u00e4\u00dfe Nutzung dieser Website entstehen k\u00f6nnten. Insbesondere \u00fcbernimmt das Unternehmen keinerlei Haftung f\u00fcr Ausf\u00e4lle, Unterbrechungen, Ausf\u00e4lle oder St\u00f6rungen der Telekommunikationsverbindungen, die auftreten k\u00f6nnten.<\/p><ol><li><strong>LINKS-RICHTLINIEN<\/strong><\/li><\/ol><p>Es wird darauf hingewiesen, dass die Website von El Trasgu de Foncebad\u00f3n CB den Nutzern Verlinkungsm\u00f6glichkeiten (wie unter anderem Links, Banner, Schaltfl\u00e4chen), Verzeichnisse und Suchmaschinen zur Verf\u00fcgung stellt oder zur Verf\u00fcgung stellen kann, die es den Nutzern erm\u00f6glichen, auf Websites zuzugreifen, die Dritten geh\u00f6ren und\/oder von diesen betrieben werden.<\/p><p>Die Einbindung dieser Links, Verzeichnisse und Suchmaschinen auf der Website dient dazu, den Nutzern die Suche nach und den Zugriff auf im Internet verf\u00fcgbare Informationen zu erleichtern; sie ist jedoch nicht als Vorschlag, Empfehlung oder Aufforderung zum Besuch dieser Seiten zu verstehen.<\/p><p>El Trasgu de Foncebad\u00f3n CB bietet die auf diesen verlinkten Websites verf\u00fcgbaren Produkte und\/oder Dienstleistungen weder selbst noch \u00fcber Dritte an und vertreibt diese auch nicht.<\/p><p>El Trasgu de Foncebad\u00f3n CB bietet gesponserte Inhalte, Anzeigen<br \/>und\/oder Affiliate-Links an. Die Informationen, die in diesen Affiliate-Links oder den eingeblendeten Anzeigen erscheinen, werden von den Werbetreibenden selbst bereitgestellt, weshalb El Trasgu de Foncebad\u00f3n CB weder f\u00fcr m\u00f6gliche Ungenauigkeiten oder Fehler in den Anzeigen haftet, noch in irgendeiner Weise f\u00fcr die Erfahrung,<br \/>Integrit\u00e4t oder Verantwortlichkeit der Werbetreibenden oder die Qualit\u00e4t ihrer Produkte und\/oder Dienstleistungen b\u00fcrgt.<\/p><p>Ebenso \u00fcbernimmt er keine Gew\u00e4hr f\u00fcr die technische Verf\u00fcgbarkeit, Richtigkeit, Wahrhaftigkeit, G\u00fcltigkeit oder Rechtm\u00e4\u00dfigkeit von Websites Dritter, auf die \u00fcber Links zugegriffen werden kann.<\/p><p>El Trasgu de Foncebad\u00f3n CB \u00fcberpr\u00fcft oder kontrolliert in keinem Fall die Inhalte anderer Websites und billigt, pr\u00fcft oder macht sich die auf den genannten verlinkten Websites vorhandenen Produkte und Dienstleistungen, Inhalte, Dateien und sonstigen Materialien nicht zu eigen.<\/p><p>El Trasgu de Foncebad\u00f3n CB \u00fcbernimmt keine Haftung f\u00fcr Sch\u00e4den, die durch den Zugriff, die Nutzung, die Qualit\u00e4t oder die Rechtm\u00e4\u00dfigkeit der Inhalte, Mitteilungen, Meinungen, Produkte und Dienstleistungen von Websites entstehen k\u00f6nnten, die nicht von El Trasgu de Foncebad\u00f3n CB betrieben werden und auf die auf dieser Website verwiesen wird.<\/p><p>Der Nutzer oder Dritte, der einen Hyperlink von einer anderen Website zur Website von El Trasgu de Foncebad\u00f3n CB setzt, muss sich dar\u00fcber im Klaren sein, dass:<\/p><p>Die vollst\u00e4ndige oder teilweise Vervielf\u00e4ltigung der Inhalte und\/oder Dienste der Website ist ohne ausdr\u00fcckliche Genehmigung von El Trasgu de Foncebad\u00f3n CB nicht gestattet.<\/p><p>Es ist ebenfalls untersagt, falsche, unrichtige oder ungenaue Angaben \u00fcber die Website von El Trasgu de Foncebad\u00f3n CB sowie \u00fcber deren Inhalte und\/oder Dienste zu machen.<\/p><p>Mit Ausnahme des Hyperlinks darf die Website, auf der dieser Hyperlink eingerichtet wird, keine Elemente dieser Website enthalten, die nach spanischem Recht als geistiges Eigentum gesch\u00fctzt sind, es sei denn, El Trasgu de Foncebad\u00f3n CB hat dies ausdr\u00fccklich genehmigt.<\/p><p>Die Einrichtung eines Hyperlinks bedeutet weder, dass eine Beziehung zwischen El Trasgu de Foncebad\u00f3n CB und dem Betreiber der Website, von der aus der Hyperlink gesetzt wird, besteht, noch dass El Trasgu de Foncebad\u00f3n CB die auf dieser Website angebotenen Inhalte, Dienstleistungen und\/oder Aktivit\u00e4ten kennt und akzeptiert, und umgekehrt.<\/p><ol><li style=\"list-style-type: none\"><ol><li><strong>GEISTIGES UND GEWERBLICHES EIGENTUM<\/strong><\/li><\/ol><\/li><\/ol><p>El Trasgu de Foncebad\u00f3n CB selbst oder als Rechtsnachfolger ist Inhaber aller geistigen und gewerblichen Eigentumsrechte an der Website sowie an den darin enthaltenen Elementen (unter anderem Bilder, Ton, Audio, Video, Software oder Texte, Marken oder Logos, Farbkombinationen, Struktur und Design, Auswahl der verwendeten Materialien, f\u00fcr den Betrieb, den Zugriff und die Nutzung erforderliche Computerprogramme usw.). Es handelt sich somit um Werke, die nach spanischem Recht als geistiges Eigentum gesch\u00fctzt sind, wobei sowohl die spanischen und gemeinschaftlichen Vorschriften in diesem Bereich als auch die von Spanien unterzeichneten internationalen Vertr\u00e4ge zu diesem Thema Anwendung finden.<\/p><p>Alle Rechte vorbehalten. Gem\u00e4\u00df den Bestimmungen des Gesetzes \u00fcber geistiges Eigentum sind die Vervielf\u00e4ltigung, Verbreitung und \u00f6ffentliche Wiedergabe \u2013 einschlie\u00dflich der Bereitstellung \u2013 der Inhalte dieser Website, ganz oder teilweise, zu kommerziellen Zwecken, auf jeglichem Tr\u00e4ger und mit jeglichen technischen Mitteln ohne die Genehmigung von El Trasgu de Foncebad\u00f3n CB ausdr\u00fccklich untersagt.<\/p><p>Der Nutzer verpflichtet sich, die geistigen und gewerblichen Eigentumsrechte von El Trasgu de Foncebad\u00f3n CB zu respektieren. Er darf die Elemente der Website anzeigen oder sogar ausdrucken, kopieren und auf der Festplatte seines Computers oder einem anderen physischen Datentr\u00e4ger speichern, sofern dies ausschlie\u00dflich f\u00fcr den pers\u00f6nlichen Gebrauch geschieht. Der Nutzer darf jedoch keine auf der Website installierten Schutzvorrichtungen oder Sicherheitssysteme entfernen, ver\u00e4ndern oder manipulieren.<\/p><p>Sollte der Nutzer oder ein Dritter der Ansicht sein, dass Inhalte der Website eine Verletzung von Rechten des geistigen Eigentums darstellen, muss er dies unverz\u00fcglich El Trasgu de Foncebad\u00f3n CB \u00fcber die Kontaktdaten im Abschnitt \u201eALLGEMEINE INFORMATIONEN\u201c dieses rechtlichen Hinweises und der Allgemeinen Nutzungsbedingungen mitteilen.<\/p><ol><li><strong>RECHTSSTREITIGKEITEN, ANWENDBARES RECHT UND GERICHTSSTAND<\/strong><\/li><\/ol><p>El Trasgu de Foncebad\u00f3n CB beh\u00e4lt sich das Recht vor, zivil- oder strafrechtliche Schritte einzuleiten, die es aufgrund einer missbr\u00e4uchlichen Nutzung der Website und der Inhalte oder aufgrund eines Versto\u00dfes gegen die vorliegenden Bedingungen f\u00fcr erforderlich h\u00e4lt.<\/p><p>Die Beziehung zwischen dem Nutzer und \u201eAlojamientos tur\u00edsticos\u201c unterliegt den auf spanischem Gebiet geltenden Rechtsvorschriften. Bei Streitigkeiten hinsichtlich der Auslegung und\/oder Anwendung dieser Bedingungen unterwerfen sich die Parteien der ordentlichen Gerichtsbarkeit und wenden sich an die nach dem Gesetz zust\u00e4ndigen Richter und Gerichte.<\/p><p>Dieses Dokument mit den rechtlichen Hinweisen und den Allgemeinen Nutzungsbedingungen der Website wurde am 17.07.2024 mithilfe des Online-Generators f\u00fcr <a href=\"https:\/\/textos-legales.edgartamarit.com\/\">Vorlagen f\u00fcr rechtliche Hinweise und Nutzungsbedingungen<\/a> erstellt.<\/p>\t\t\t\t\t\t\t\t<\/div>\n\t\t\t\t<\/div>\n\t\t\t\t\t<\/div>\n\t\t\t\t<\/div>\n\t\t\t\t<\/div>\n\t\t","protected":false},"excerpt":{"rendered":"<p>RECHTLICHER HINWEIS UND ALLGEMEINE NUTZUNGSBEDINGUNGEN ALLGEMEINE INFORMATIONEN In Erf\u00fcllung der Informationspflicht gem\u00e4\u00df dem Gesetz 34\/2002 \u00fcber Dienste der Informationsgesellschaft und den elektronischen Gesch\u00e4ftsverkehr (LSSI-CE) vom 11. Juli werden im Folgenden die allgemeinen Informationen zu dieser Website bereitgestellt: Inhaber dieser Website, (im Folgenden \u201eWebsite\u201c), ist: , mit Steuernummer: , und dessen Kontaktdaten wie folgt lauten: Inhaber [&hellip;]<\/p>\n","protected":false},"author":1,"featured_media":0,"parent":0,"menu_order":0,"comment_status":"closed","ping_status":"closed","template":"elementor_header_footer","meta":{"footnotes":""},"class_list":["post-67","page","type-page","status-publish","hentry"],"yoast_head":"<!-- This site is optimized with the Yoast SEO plugin v27.4 - https:\/\/yoast.com\/product\/yoast-seo-wordpress\/ -->\n<title>Rechtlicher Hinweis - El Trasgu de Foncebad\u00f3n<\/title>\n<meta name=\"robots\" content=\"noindex, nofollow\" \/>\n<meta property=\"og:locale\" content=\"es_ES\" \/>\n<meta property=\"og:type\" content=\"article\" \/>\n<meta property=\"og:title\" content=\"Rechtlicher Hinweis - El Trasgu de Foncebad\u00f3n\" \/>\n<meta property=\"og:description\" content=\"RECHTLICHER HINWEIS UND ALLGEMEINE NUTZUNGSBEDINGUNGEN ALLGEMEINE INFORMATIONEN In Erf\u00fcllung der Informationspflicht gem\u00e4\u00df dem Gesetz 34\/2002 \u00fcber Dienste der Informationsgesellschaft und den elektronischen Gesch\u00e4ftsverkehr (LSSI-CE) vom 11. Juli werden im Folgenden die allgemeinen Informationen zu dieser Website bereitgestellt: Inhaber dieser Website, (im Folgenden \u201eWebsite\u201c), ist: , mit Steuernummer: , und dessen Kontaktdaten wie folgt lauten: Inhaber [&hellip;]\" \/>\n<meta property=\"og:url\" content=\"https:\/\/eltrasgudefoncebadon.com\/de\/rechtlicher-hinweis\/\" \/>\n<meta property=\"og:site_name\" content=\"El Trasgu de Foncebad\u00f3n\" \/>\n<meta property=\"article:modified_time\" content=\"2026-04-26T21:17:01+00:00\" \/>\n<meta name=\"twitter:card\" content=\"summary_large_image\" \/>\n<meta name=\"twitter:label1\" content=\"Tiempo de lectura\" \/>\n\t<meta name=\"twitter:data1\" content=\"9 minutos\" \/>\n<script type=\"application\/ld+json\" class=\"yoast-schema-graph\">{\"@context\":\"https:\\\/\\\/schema.org\",\"@graph\":[{\"@type\":\"WebPage\",\"@id\":\"https:\\\/\\\/eltrasgudefoncebadon.com\\\/de\\\/rechtlicher-hinweis\\\/\",\"url\":\"https:\\\/\\\/eltrasgudefoncebadon.com\\\/de\\\/rechtlicher-hinweis\\\/\",\"name\":\"Rechtlicher Hinweis - El Trasgu de Foncebad\u00f3n\",\"isPartOf\":{\"@id\":\"https:\\\/\\\/eltrasgudefoncebadon.com\\\/de\\\/#website\"},\"datePublished\":\"2024-07-17T09:04:24+00:00\",\"dateModified\":\"2026-04-26T21:17:01+00:00\",\"breadcrumb\":{\"@id\":\"https:\\\/\\\/eltrasgudefoncebadon.com\\\/de\\\/rechtlicher-hinweis\\\/#breadcrumb\"},\"inLanguage\":\"es\",\"potentialAction\":[{\"@type\":\"ReadAction\",\"target\":[\"https:\\\/\\\/eltrasgudefoncebadon.com\\\/de\\\/rechtlicher-hinweis\\\/\"]}]},{\"@type\":\"BreadcrumbList\",\"@id\":\"https:\\\/\\\/eltrasgudefoncebadon.com\\\/de\\\/rechtlicher-hinweis\\\/#breadcrumb\",\"itemListElement\":[{\"@type\":\"ListItem\",\"position\":1,\"name\":\"Portada\",\"item\":\"https:\\\/\\\/eltrasgudefoncebadon.com\\\/de\\\/\"},{\"@type\":\"ListItem\",\"position\":2,\"name\":\"Rechtlicher Hinweis\"}]},{\"@type\":\"WebSite\",\"@id\":\"https:\\\/\\\/eltrasgudefoncebadon.com\\\/de\\\/#website\",\"url\":\"https:\\\/\\\/eltrasgudefoncebadon.com\\\/de\\\/\",\"name\":\"El Trasgu de Foncebad\u00f3n\",\"description\":\"Gasthaus mit Restaurant am Jakobsweg\",\"publisher\":{\"@id\":\"https:\\\/\\\/eltrasgudefoncebadon.com\\\/de\\\/#organization\"},\"potentialAction\":[{\"@type\":\"SearchAction\",\"target\":{\"@type\":\"EntryPoint\",\"urlTemplate\":\"https:\\\/\\\/eltrasgudefoncebadon.com\\\/de\\\/?s={search_term_string}\"},\"query-input\":{\"@type\":\"PropertyValueSpecification\",\"valueRequired\":true,\"valueName\":\"search_term_string\"}}],\"inLanguage\":\"es\"},{\"@type\":\"Organization\",\"@id\":\"https:\\\/\\\/eltrasgudefoncebadon.com\\\/de\\\/#organization\",\"name\":\"El Trasgu de Foncebad\u00f3n\",\"url\":\"https:\\\/\\\/eltrasgudefoncebadon.com\\\/de\\\/\",\"logo\":{\"@type\":\"ImageObject\",\"inLanguage\":\"es\",\"@id\":\"https:\\\/\\\/eltrasgudefoncebadon.com\\\/de\\\/#\\\/schema\\\/logo\\\/image\\\/\",\"url\":\"https:\\\/\\\/eltrasgudefoncebadon.com\\\/de\\\/wp-content\\\/uploads\\\/sites\\\/4\\\/Logotipo-del-Trasgu-de-Foncebadon-blanco.webp\",\"contentUrl\":\"https:\\\/\\\/eltrasgudefoncebadon.com\\\/de\\\/wp-content\\\/uploads\\\/sites\\\/4\\\/Logotipo-del-Trasgu-de-Foncebadon-blanco.webp\",\"width\":500,\"height\":213,\"caption\":\"El Trasgu de Foncebad\u00f3n\"},\"image\":{\"@id\":\"https:\\\/\\\/eltrasgudefoncebadon.com\\\/de\\\/#\\\/schema\\\/logo\\\/image\\\/\"}}]}<\/script>\n<!-- \/ Yoast SEO plugin. -->","yoast_head_json":{"title":"Rechtlicher Hinweis - El Trasgu de Foncebad\u00f3n","robots":{"index":"noindex","follow":"nofollow"},"og_locale":"es_ES","og_type":"article","og_title":"Rechtlicher Hinweis - El Trasgu de Foncebad\u00f3n","og_description":"RECHTLICHER HINWEIS UND ALLGEMEINE NUTZUNGSBEDINGUNGEN ALLGEMEINE INFORMATIONEN In Erf\u00fcllung der Informationspflicht gem\u00e4\u00df dem Gesetz 34\/2002 \u00fcber Dienste der Informationsgesellschaft und den elektronischen Gesch\u00e4ftsverkehr (LSSI-CE) vom 11. Juli werden im Folgenden die allgemeinen Informationen zu dieser Website bereitgestellt: Inhaber dieser Website, (im Folgenden \u201eWebsite\u201c), ist: , mit Steuernummer: , und dessen Kontaktdaten wie folgt lauten: Inhaber [&hellip;]","og_url":"https:\/\/eltrasgudefoncebadon.com\/de\/rechtlicher-hinweis\/","og_site_name":"El Trasgu de Foncebad\u00f3n","article_modified_time":"2026-04-26T21:17:01+00:00","twitter_card":"summary_large_image","twitter_misc":{"Tiempo de lectura":"9 minutos"},"schema":{"@context":"https:\/\/schema.org","@graph":[{"@type":"WebPage","@id":"https:\/\/eltrasgudefoncebadon.com\/de\/rechtlicher-hinweis\/","url":"https:\/\/eltrasgudefoncebadon.com\/de\/rechtlicher-hinweis\/","name":"Rechtlicher Hinweis - El Trasgu de Foncebad\u00f3n","isPartOf":{"@id":"https:\/\/eltrasgudefoncebadon.com\/de\/#website"},"datePublished":"2024-07-17T09:04:24+00:00","dateModified":"2026-04-26T21:17:01+00:00","breadcrumb":{"@id":"https:\/\/eltrasgudefoncebadon.com\/de\/rechtlicher-hinweis\/#breadcrumb"},"inLanguage":"es","potentialAction":[{"@type":"ReadAction","target":["https:\/\/eltrasgudefoncebadon.com\/de\/rechtlicher-hinweis\/"]}]},{"@type":"BreadcrumbList","@id":"https:\/\/eltrasgudefoncebadon.com\/de\/rechtlicher-hinweis\/#breadcrumb","itemListElement":[{"@type":"ListItem","position":1,"name":"Portada","item":"https:\/\/eltrasgudefoncebadon.com\/de\/"},{"@type":"ListItem","position":2,"name":"Rechtlicher Hinweis"}]},{"@type":"WebSite","@id":"https:\/\/eltrasgudefoncebadon.com\/de\/#website","url":"https:\/\/eltrasgudefoncebadon.com\/de\/","name":"El Trasgu de Foncebad\u00f3n","description":"Gasthaus mit Restaurant am Jakobsweg","publisher":{"@id":"https:\/\/eltrasgudefoncebadon.com\/de\/#organization"},"potentialAction":[{"@type":"SearchAction","target":{"@type":"EntryPoint","urlTemplate":"https:\/\/eltrasgudefoncebadon.com\/de\/?s={search_term_string}"},"query-input":{"@type":"PropertyValueSpecification","valueRequired":true,"valueName":"search_term_string"}}],"inLanguage":"es"},{"@type":"Organization","@id":"https:\/\/eltrasgudefoncebadon.com\/de\/#organization","name":"El Trasgu de Foncebad\u00f3n","url":"https:\/\/eltrasgudefoncebadon.com\/de\/","logo":{"@type":"ImageObject","inLanguage":"es","@id":"https:\/\/eltrasgudefoncebadon.com\/de\/#\/schema\/logo\/image\/","url":"https:\/\/eltrasgudefoncebadon.com\/de\/wp-content\/uploads\/sites\/4\/Logotipo-del-Trasgu-de-Foncebadon-blanco.webp","contentUrl":"https:\/\/eltrasgudefoncebadon.com\/de\/wp-content\/uploads\/sites\/4\/Logotipo-del-Trasgu-de-Foncebadon-blanco.webp","width":500,"height":213,"caption":"El Trasgu de Foncebad\u00f3n"},"image":{"@id":"https:\/\/eltrasgudefoncebadon.com\/de\/#\/schema\/logo\/image\/"}}]}},"_links":{"self":[{"href":"https:\/\/eltrasgudefoncebadon.com\/de\/wp-json\/wp\/v2\/pages\/67","targetHints":{"allow":["GET"]}}],"collection":[{"href":"https:\/\/eltrasgudefoncebadon.com\/de\/wp-json\/wp\/v2\/pages"}],"about":[{"href":"https:\/\/eltrasgudefoncebadon.com\/de\/wp-json\/wp\/v2\/types\/page"}],"author":[{"embeddable":true,"href":"https:\/\/eltrasgudefoncebadon.com\/de\/wp-json\/wp\/v2\/users\/1"}],"replies":[{"embeddable":true,"href":"https:\/\/eltrasgudefoncebadon.com\/de\/wp-json\/wp\/v2\/comments?post=67"}],"version-history":[{"count":5,"href":"https:\/\/eltrasgudefoncebadon.com\/de\/wp-json\/wp\/v2\/pages\/67\/revisions"}],"predecessor-version":[{"id":2511,"href":"https:\/\/eltrasgudefoncebadon.com\/de\/wp-json\/wp\/v2\/pages\/67\/revisions\/2511"}],"wp:attachment":[{"href":"https:\/\/eltrasgudefoncebadon.com\/de\/wp-json\/wp\/v2\/media?parent=67"}],"curies":[{"name":"wp","href":"https:\/\/api.w.org\/{rel}","templated":true}]}}