{"id":72,"date":"2024-07-17T11:08:17","date_gmt":"2024-07-17T09:08:17","guid":{"rendered":"https:\/\/eltrasgudefoncebadon.com\/?page_id=72"},"modified":"2026-04-26T23:22:14","modified_gmt":"2026-04-26T21:22:14","slug":"cookie-richtlinie","status":"publish","type":"page","link":"https:\/\/eltrasgudefoncebadon.com\/de\/cookie-richtlinie\/","title":{"rendered":"Cookie-Richtlinie"},"content":{"rendered":"\t\t<div data-elementor-type=\"wp-page\" data-elementor-id=\"72\" class=\"elementor elementor-72\" data-elementor-post-type=\"page\">\n\t\t\t\t<div class=\"elementor-element elementor-element-18a2821 e-flex e-con-boxed e-con e-parent\" data-id=\"18a2821\" data-element_type=\"container\" data-e-type=\"container\">\n\t\t\t\t\t<div class=\"e-con-inner\">\n\t\t<div class=\"elementor-element elementor-element-be67688 e-con-full e-flex e-con e-child\" data-id=\"be67688\" data-element_type=\"container\" data-e-type=\"container\">\n\t\t\t\t<div class=\"elementor-element elementor-element-bde42a3 elementor-widget elementor-widget-text-editor\" data-id=\"bde42a3\" data-element_type=\"widget\" data-e-type=\"widget\" data-widget_type=\"text-editor.default\">\n\t\t\t\t\t\t\t\t\t<p><strong>COOKIE-RICHTLINIE<\/strong><\/p><p><strong>eltrasgudefoncebadon.com<\/strong><\/p><p>Der Zugriff auf diese Website kann die Verwendung von Cookies beinhalten. Cookies sind kleine Datenpakete, die im Browser jedes Nutzers \u2013 auf den verschiedenen Ger\u00e4ten, die er zum Surfen verwendet \u2013 gespeichert werden, damit sich der Server bestimmte Informationen merken kann, die sp\u00e4ter ausschlie\u00dflich von dem Server, der sie gesetzt hat, gelesen werden. Cookies erleichtern die Navigation, machen sie benutzerfreundlicher und richten keinen Schaden am Ger\u00e4t an.<\/p><p>Cookies sind automatische Verfahren zur Erfassung von Informationen \u00fcber die vom Nutzer w\u00e4hrend seines Besuchs auf der Website festgelegten Pr\u00e4ferenzen, um ihn als Nutzer zu erkennen und sein Erlebnis sowie die Nutzung der Website individuell anzupassen; sie k\u00f6nnen beispielsweise auch dazu beitragen, Fehler zu identifizieren und zu beheben.<\/p><p>Die \u00fcber Cookies gesammelten Informationen k\u00f6nnen das Datum und die Uhrzeit der Besuche auf der Website, die aufgerufenen Seiten, die Verweildauer auf der Website sowie die unmittelbar davor und danach besuchten Websites umfassen. Kein Cookie erm\u00f6glicht es jedoch, die Telefonnummer des Nutzers oder andere pers\u00f6nliche Kontaktdaten zu ermitteln. Kein Cookie kann Informationen von der Festplatte des Nutzers abrufen oder pers\u00f6nliche Daten stehlen. Die einzigen privaten Daten des Nutzers, die in die Cookie-Datei gelangen k\u00f6nnen, sind solche, die der Nutzer dem Server pers\u00f6nlich \u00fcbermittelt.<\/p><p>Cookies, die die Identifizierung einer Person erm\u00f6glichen, gelten als personenbezogene Daten. Daher unterliegen sie der oben beschriebenen Datenschutzerkl\u00e4rung. In diesem Sinne ist f\u00fcr ihre Verwendung die Einwilligung des Nutzers erforderlich. Diese Einwilligung muss auf einer echten Wahl beruhen, durch eine aktive und positive Entscheidung zum Ausdruck gebracht werden, vor Beginn der Verarbeitung erteilt werden, widerrufbar sein und dokumentiert werden.<\/p><p><strong>Eigene Cookies<\/strong><\/p><p>Dies sind Cookies, die an den Computer oder das Ger\u00e4t des Nutzers gesendet und ausschlie\u00dflich von El Trasgu de Foncebad\u00f3n CB verwaltet werden, um den reibungslosen Betrieb der Website zu gew\u00e4hrleisten. Die gesammelten Informationen werden verwendet, um die Qualit\u00e4t der Website und ihrer Inhalte sowie das Nutzererlebnis zu verbessern. Diese Cookies erm\u00f6glichen es, den Nutzer als wiederkehrenden Besucher der Website zu erkennen und die Inhalte anzupassen, um ihm Inhalte anzubieten, die seinen Vorlieben entsprechen.<\/p><p><strong>Cookies von Drittanbietern<\/strong><\/p><p>Es handelt sich um Cookies, die von externen Anbietern verwendet und verwaltet werden, welche El Trasgu de Foncebad\u00f3n CB die von diesem angeforderten Dienste bereitstellen, um die Website und das Nutzererlebnis beim Surfen auf der Website zu verbessern. Die Hauptzwecke, f\u00fcr die Cookies von Drittanbietern verwendet werden, sind die Erfassung von Zugriffsstatistiken und die Analyse von Navigationsdaten, d.\u202fh. wie der Nutzer mit der Website interagiert.<\/p><p>Die erfassten Informationen beziehen sich beispielsweise auf die Anzahl der besuchten Seiten, die Sprache, den Standort der IP-Adresse, von der aus der Nutzer auf die Website zugreift, die Anzahl der Nutzer, die auf die Website zugreifen, die H\u00e4ufigkeit und Wiederholungsrate der Besuche, die Verweildauer, den verwendeten Browser sowie den Betreiber oder die Art des Ger\u00e4ts, von dem aus der Besuch erfolgt. Diese Informationen werden verwendet, um die Website zu verbessern und neue Bed\u00fcrfnisse zu erkennen, um den Nutzern Inhalte und\/oder Dienstleistungen von optimaler Qualit\u00e4t anzubieten.<br \/>In jedem Fall werden die Informationen anonym erfasst und es werden Berichte \u00fcber Trends auf der Website erstellt, ohne einzelne Nutzer zu identifizieren.<\/p><p>Weitere Informationen zu Cookies und zum Datenschutz sowie eine Beschreibung der verwendeten Cookie-Arten, ihrer wichtigsten Merkmale, ihrer G\u00fcltigkeitsdauer usw. finden Sie unter den folgenden Links:<\/p><p>https:\/\/analytics.google.com\/ https:\/\/es-es.facebook.com\/business\/tools\/meta-pixel<\/p><p>Die f\u00fcr die Bereitstellung von Cookies zust\u00e4ndige(n) Stelle(n) kann (k\u00f6nnen) diese Informationen an Dritte weitergeben, sofern dies gesetzlich vorgeschrieben ist oder die Daten von einem Dritten im Auftrag dieser Stellen verarbeitet werden.<\/p><p><strong>Cookies von sozialen Netzwerken<\/strong><\/p><p>El Trasgu de Foncebad\u00f3n CB integriert Plugins sozialer Netzwerke, die den Zugriff auf diese Netzwerke \u00fcber die Website erm\u00f6glichen. Aus diesem Grund k\u00f6nnen Cookies sozialer Netzwerke im Browser des Nutzers gespeichert werden. Die Betreiber dieser sozialen Netzwerke verf\u00fcgen \u00fcber eigene Datenschutz- und Cookie-Richtlinien und sind in jedem Fall selbst f\u00fcr ihre eigenen Dateien und Datenschutzpraktiken verantwortlich. Der Nutzer sollte diese einsehen, um sich \u00fcber diese Cookies und gegebenenfalls \u00fcber die Verarbeitung seiner personenbezogenen Daten zu informieren.<br \/>Rein zu Informationszwecken sind nachfolgend die Links aufgef\u00fchrt, unter denen diese Datenschutz- und\/oder Cookie-Richtlinien eingesehen werden k\u00f6nnen:<\/p><ul><li style=\"list-style-type: none\"><ul><li>Facebook: <a href=\"https:\/\/www.facebook.com\/policies\/cookies\/\">https:\/\/www.facebook.com\/policies\/cookies\/<\/a><\/li><li>Twitter: <a href=\"https:\/\/twitter.com\/es\/privacy\">https:\/\/twitter.com\/es\/privacy<\/a><\/li><li>Instagram: <a href=\"https:\/\/help.instagram.com\/1896641480634370?ref=ig\">https:\/\/help.instagram.com\/1896641480634370?ref=ig<\/a><\/li><li>YouTube: <a href=\"https:\/\/policies.google.com\/privacy?hl=es-419&amp;gl=mx\">https:\/\/policies.google.com\/privacy?hl=es-419&amp;gl=mx<\/a><\/li><li>Pinterest: <a href=\"https:\/\/policy.pinterest.com\/es\/privacy-policy\">https:\/\/policy.pinterest.com\/es\/privacy-policy<\/a><\/li><li>LinkedIn: <a href=\"https:\/\/www.linkedin.com\/legal\/cookie-policy?trk=hp-cookies\">https:\/\/www.linkedin.com\/legal\/cookie-policy?trk=hp-cookies<\/a><\/li><\/ul><\/li><\/ul><p><strong>Cookies deaktivieren, ablehnen und l\u00f6schen<\/strong><\/p><p>Der Nutzer kann die auf seinem Ger\u00e4t installierten Cookies \u2013 ganz oder teilweise \u2013 \u00fcber die Einstellungen seines Browsers (darunter beispielsweise Chrome, Firefox, Safari, Explorer) deaktivieren, ablehnen und l\u00f6schen. Die Vorgehensweisen zum Ablehnen und L\u00f6schen von Cookies k\u00f6nnen sich dabei von einem Internetbrowser zum anderen unterscheiden. Der Nutzer sollte daher die Anweisungen des von ihm verwendeten Internetbrowsers befolgen. Falls er die Verwendung von Cookies \u2013 ganz oder teilweise \u2013 ablehnt, kann er die Website weiterhin nutzen, wobei jedoch die Nutzung einiger Funktionen der Website eingeschr\u00e4nkt sein kann.<\/p><p>Diese Cookie-Richtlinie wurde am 17.07.2024 mithilfe des Online-Generators f\u00fcr <a href=\"https:\/\/textos-legales.edgartamarit.com\/\">kostenlose Cookie-Richtlinienvorlagen<\/a> erstellt.<\/p>\t\t\t\t\t\t\t\t<\/div>\n\t\t\t\t<\/div>\n\t\t\t\t\t<\/div>\n\t\t\t\t<\/div>\n\t\t\t\t<\/div>\n\t\t","protected":false},"excerpt":{"rendered":"<p>COOKIE-RICHTLINIE Der Zugriff auf diese Website kann die Verwendung von Cookies beinhalten. Cookies sind kleine Datenpakete, die im Browser jedes Nutzers \u2013 auf den verschiedenen Ger\u00e4ten, die er zum Surfen verwendet \u2013 gespeichert werden, damit sich der Server bestimmte Informationen merken kann, die sp\u00e4ter ausschlie\u00dflich von dem Server, der sie gesetzt hat, gelesen werden. Cookies [&hellip;]<\/p>\n","protected":false},"author":1,"featured_media":0,"parent":0,"menu_order":0,"comment_status":"closed","ping_status":"closed","template":"elementor_header_footer","meta":{"footnotes":""},"class_list":["post-72","page","type-page","status-publish","hentry"],"yoast_head":"<!-- This site is optimized with the Yoast SEO plugin v27.4 - https:\/\/yoast.com\/product\/yoast-seo-wordpress\/ -->\n<title>Cookie-Richtlinie - El Trasgu de Foncebad\u00f3n<\/title>\n<meta name=\"robots\" content=\"noindex, nofollow\" \/>\n<meta property=\"og:locale\" content=\"es_ES\" \/>\n<meta property=\"og:type\" content=\"article\" \/>\n<meta property=\"og:title\" content=\"Cookie-Richtlinie - El Trasgu de Foncebad\u00f3n\" \/>\n<meta property=\"og:description\" content=\"COOKIE-RICHTLINIE Der Zugriff auf diese Website kann die Verwendung von Cookies beinhalten. Cookies sind kleine Datenpakete, die im Browser jedes Nutzers \u2013 auf den verschiedenen Ger\u00e4ten, die er zum Surfen verwendet \u2013 gespeichert werden, damit sich der Server bestimmte Informationen merken kann, die sp\u00e4ter ausschlie\u00dflich von dem Server, der sie gesetzt hat, gelesen werden. Cookies [&hellip;]\" \/>\n<meta property=\"og:url\" content=\"https:\/\/eltrasgudefoncebadon.com\/de\/cookie-richtlinie\/\" \/>\n<meta property=\"og:site_name\" content=\"El Trasgu de Foncebad\u00f3n\" \/>\n<meta property=\"article:modified_time\" content=\"2026-04-26T21:22:14+00:00\" \/>\n<meta name=\"twitter:card\" content=\"summary_large_image\" \/>\n<meta name=\"twitter:label1\" content=\"Tiempo de lectura\" \/>\n\t<meta name=\"twitter:data1\" content=\"4 minutos\" \/>\n<script type=\"application\/ld+json\" class=\"yoast-schema-graph\">{\"@context\":\"https:\\\/\\\/schema.org\",\"@graph\":[{\"@type\":\"WebPage\",\"@id\":\"https:\\\/\\\/eltrasgudefoncebadon.com\\\/de\\\/cookie-richtlinie\\\/\",\"url\":\"https:\\\/\\\/eltrasgudefoncebadon.com\\\/de\\\/cookie-richtlinie\\\/\",\"name\":\"Cookie-Richtlinie - El Trasgu de Foncebad\u00f3n\",\"isPartOf\":{\"@id\":\"https:\\\/\\\/eltrasgudefoncebadon.com\\\/de\\\/#website\"},\"datePublished\":\"2024-07-17T09:08:17+00:00\",\"dateModified\":\"2026-04-26T21:22:14+00:00\",\"breadcrumb\":{\"@id\":\"https:\\\/\\\/eltrasgudefoncebadon.com\\\/de\\\/cookie-richtlinie\\\/#breadcrumb\"},\"inLanguage\":\"es\",\"potentialAction\":[{\"@type\":\"ReadAction\",\"target\":[\"https:\\\/\\\/eltrasgudefoncebadon.com\\\/de\\\/cookie-richtlinie\\\/\"]}]},{\"@type\":\"BreadcrumbList\",\"@id\":\"https:\\\/\\\/eltrasgudefoncebadon.com\\\/de\\\/cookie-richtlinie\\\/#breadcrumb\",\"itemListElement\":[{\"@type\":\"ListItem\",\"position\":1,\"name\":\"Portada\",\"item\":\"https:\\\/\\\/eltrasgudefoncebadon.com\\\/de\\\/\"},{\"@type\":\"ListItem\",\"position\":2,\"name\":\"Cookie-Richtlinie\"}]},{\"@type\":\"WebSite\",\"@id\":\"https:\\\/\\\/eltrasgudefoncebadon.com\\\/de\\\/#website\",\"url\":\"https:\\\/\\\/eltrasgudefoncebadon.com\\\/de\\\/\",\"name\":\"El Trasgu de Foncebad\u00f3n\",\"description\":\"Gasthaus mit Restaurant am Jakobsweg\",\"publisher\":{\"@id\":\"https:\\\/\\\/eltrasgudefoncebadon.com\\\/de\\\/#organization\"},\"potentialAction\":[{\"@type\":\"SearchAction\",\"target\":{\"@type\":\"EntryPoint\",\"urlTemplate\":\"https:\\\/\\\/eltrasgudefoncebadon.com\\\/de\\\/?s={search_term_string}\"},\"query-input\":{\"@type\":\"PropertyValueSpecification\",\"valueRequired\":true,\"valueName\":\"search_term_string\"}}],\"inLanguage\":\"es\"},{\"@type\":\"Organization\",\"@id\":\"https:\\\/\\\/eltrasgudefoncebadon.com\\\/de\\\/#organization\",\"name\":\"El Trasgu de Foncebad\u00f3n\",\"url\":\"https:\\\/\\\/eltrasgudefoncebadon.com\\\/de\\\/\",\"logo\":{\"@type\":\"ImageObject\",\"inLanguage\":\"es\",\"@id\":\"https:\\\/\\\/eltrasgudefoncebadon.com\\\/de\\\/#\\\/schema\\\/logo\\\/image\\\/\",\"url\":\"https:\\\/\\\/eltrasgudefoncebadon.com\\\/de\\\/wp-content\\\/uploads\\\/sites\\\/4\\\/Logotipo-del-Trasgu-de-Foncebadon-blanco.webp\",\"contentUrl\":\"https:\\\/\\\/eltrasgudefoncebadon.com\\\/de\\\/wp-content\\\/uploads\\\/sites\\\/4\\\/Logotipo-del-Trasgu-de-Foncebadon-blanco.webp\",\"width\":500,\"height\":213,\"caption\":\"El Trasgu de Foncebad\u00f3n\"},\"image\":{\"@id\":\"https:\\\/\\\/eltrasgudefoncebadon.com\\\/de\\\/#\\\/schema\\\/logo\\\/image\\\/\"}}]}<\/script>\n<!-- \/ Yoast SEO plugin. -->","yoast_head_json":{"title":"Cookie-Richtlinie - El Trasgu de Foncebad\u00f3n","robots":{"index":"noindex","follow":"nofollow"},"og_locale":"es_ES","og_type":"article","og_title":"Cookie-Richtlinie - El Trasgu de Foncebad\u00f3n","og_description":"COOKIE-RICHTLINIE Der Zugriff auf diese Website kann die Verwendung von Cookies beinhalten. Cookies sind kleine Datenpakete, die im Browser jedes Nutzers \u2013 auf den verschiedenen Ger\u00e4ten, die er zum Surfen verwendet \u2013 gespeichert werden, damit sich der Server bestimmte Informationen merken kann, die sp\u00e4ter ausschlie\u00dflich von dem Server, der sie gesetzt hat, gelesen werden. Cookies [&hellip;]","og_url":"https:\/\/eltrasgudefoncebadon.com\/de\/cookie-richtlinie\/","og_site_name":"El Trasgu de Foncebad\u00f3n","article_modified_time":"2026-04-26T21:22:14+00:00","twitter_card":"summary_large_image","twitter_misc":{"Tiempo de lectura":"4 minutos"},"schema":{"@context":"https:\/\/schema.org","@graph":[{"@type":"WebPage","@id":"https:\/\/eltrasgudefoncebadon.com\/de\/cookie-richtlinie\/","url":"https:\/\/eltrasgudefoncebadon.com\/de\/cookie-richtlinie\/","name":"Cookie-Richtlinie - El Trasgu de Foncebad\u00f3n","isPartOf":{"@id":"https:\/\/eltrasgudefoncebadon.com\/de\/#website"},"datePublished":"2024-07-17T09:08:17+00:00","dateModified":"2026-04-26T21:22:14+00:00","breadcrumb":{"@id":"https:\/\/eltrasgudefoncebadon.com\/de\/cookie-richtlinie\/#breadcrumb"},"inLanguage":"es","potentialAction":[{"@type":"ReadAction","target":["https:\/\/eltrasgudefoncebadon.com\/de\/cookie-richtlinie\/"]}]},{"@type":"BreadcrumbList","@id":"https:\/\/eltrasgudefoncebadon.com\/de\/cookie-richtlinie\/#breadcrumb","itemListElement":[{"@type":"ListItem","position":1,"name":"Portada","item":"https:\/\/eltrasgudefoncebadon.com\/de\/"},{"@type":"ListItem","position":2,"name":"Cookie-Richtlinie"}]},{"@type":"WebSite","@id":"https:\/\/eltrasgudefoncebadon.com\/de\/#website","url":"https:\/\/eltrasgudefoncebadon.com\/de\/","name":"El Trasgu de Foncebad\u00f3n","description":"Gasthaus mit Restaurant am Jakobsweg","publisher":{"@id":"https:\/\/eltrasgudefoncebadon.com\/de\/#organization"},"potentialAction":[{"@type":"SearchAction","target":{"@type":"EntryPoint","urlTemplate":"https:\/\/eltrasgudefoncebadon.com\/de\/?s={search_term_string}"},"query-input":{"@type":"PropertyValueSpecification","valueRequired":true,"valueName":"search_term_string"}}],"inLanguage":"es"},{"@type":"Organization","@id":"https:\/\/eltrasgudefoncebadon.com\/de\/#organization","name":"El Trasgu de Foncebad\u00f3n","url":"https:\/\/eltrasgudefoncebadon.com\/de\/","logo":{"@type":"ImageObject","inLanguage":"es","@id":"https:\/\/eltrasgudefoncebadon.com\/de\/#\/schema\/logo\/image\/","url":"https:\/\/eltrasgudefoncebadon.com\/de\/wp-content\/uploads\/sites\/4\/Logotipo-del-Trasgu-de-Foncebadon-blanco.webp","contentUrl":"https:\/\/eltrasgudefoncebadon.com\/de\/wp-content\/uploads\/sites\/4\/Logotipo-del-Trasgu-de-Foncebadon-blanco.webp","width":500,"height":213,"caption":"El Trasgu de Foncebad\u00f3n"},"image":{"@id":"https:\/\/eltrasgudefoncebadon.com\/de\/#\/schema\/logo\/image\/"}}]}},"_links":{"self":[{"href":"https:\/\/eltrasgudefoncebadon.com\/de\/wp-json\/wp\/v2\/pages\/72","targetHints":{"allow":["GET"]}}],"collection":[{"href":"https:\/\/eltrasgudefoncebadon.com\/de\/wp-json\/wp\/v2\/pages"}],"about":[{"href":"https:\/\/eltrasgudefoncebadon.com\/de\/wp-json\/wp\/v2\/types\/page"}],"author":[{"embeddable":true,"href":"https:\/\/eltrasgudefoncebadon.com\/de\/wp-json\/wp\/v2\/users\/1"}],"replies":[{"embeddable":true,"href":"https:\/\/eltrasgudefoncebadon.com\/de\/wp-json\/wp\/v2\/comments?post=72"}],"version-history":[{"count":5,"href":"https:\/\/eltrasgudefoncebadon.com\/de\/wp-json\/wp\/v2\/pages\/72\/revisions"}],"predecessor-version":[{"id":2516,"href":"https:\/\/eltrasgudefoncebadon.com\/de\/wp-json\/wp\/v2\/pages\/72\/revisions\/2516"}],"wp:attachment":[{"href":"https:\/\/eltrasgudefoncebadon.com\/de\/wp-json\/wp\/v2\/media?parent=72"}],"curies":[{"name":"wp","href":"https:\/\/api.w.org\/{rel}","templated":true}]}}